{"id":34,"date":"2024-12-27T12:11:28","date_gmt":"2024-12-27T09:11:28","guid":{"rendered":"http:\/\/localhost\/stsav\/?page_id=34"},"modified":"2024-12-29T13:52:39","modified_gmt":"2024-12-29T10:52:39","slug":"kalite-politikamiz","status":"publish","type":"page","link":"https:\/\/www.stsavmuhendislik.com\/index.php\/kalite-politikamiz\/","title":{"rendered":"Kalite Politikam\u0131z"},"content":{"rendered":"\t\t<div data-elementor-type=\"wp-page\" data-elementor-id=\"34\" class=\"elementor elementor-34\">\n\t\t\t\t<div class=\"elementor-element elementor-element-549bc4b e-flex e-con-boxed e-con e-parent\" data-id=\"549bc4b\" data-element_type=\"container\">\n\t\t\t\t\t<div class=\"e-con-inner\">\n\t\t\t\t<div class=\"elementor-element elementor-element-388ed3f elementor-widget elementor-widget-heading\" data-id=\"388ed3f\" data-element_type=\"widget\" data-widget_type=\"heading.default\">\n\t\t\t\t<div class=\"elementor-widget-container\">\n\t\t\t\t\t<h2 class=\"elementor-heading-title elementor-size-default\">KAL\u0130TE POL\u0130T\u0130KAMIZ<\/h2>\t\t\t\t<\/div>\n\t\t\t\t<\/div>\n\t\t\t\t<div class=\"elementor-element elementor-element-f201233 elementor-widget-divider--view-line elementor-widget elementor-widget-divider\" data-id=\"f201233\" data-element_type=\"widget\" data-widget_type=\"divider.default\">\n\t\t\t\t<div class=\"elementor-widget-container\">\n\t\t\t\t\t\t\t<div class=\"elementor-divider\">\n\t\t\t<span class=\"elementor-divider-separator\">\n\t\t\t\t\t\t<\/span>\n\t\t<\/div>\n\t\t\t\t\t\t<\/div>\n\t\t\t\t<\/div>\n\t\t\t\t\t<\/div>\n\t\t\t\t<\/div>\n\t\t<div class=\"elementor-element elementor-element-694443f e-flex e-con-boxed e-con e-parent\" data-id=\"694443f\" data-element_type=\"container\">\n\t\t\t\t\t<div class=\"e-con-inner\">\n\t\t\t\t<div class=\"elementor-element elementor-element-f15585f elementor-widget elementor-widget-text-editor\" data-id=\"f15585f\" data-element_type=\"widget\" data-widget_type=\"text-editor.default\">\n\t\t\t\t<div class=\"elementor-widget-container\">\n\t\t\t\t\t\t\t\t\t<p style=\"text-align: center;\">Firmam\u0131z vizyonu do\u011frultusunda ISO 9001:2015 standard\u0131 gere\u011fi kalite politikam\u0131z;<\/p><ul><li>Geli\u015fen ve g\u00fcncel teknolojileri kullanmak ve sekt\u00f6rdeki geli\u015fmeleri yak\u0131ndan takip ederek \u00fcr\u00fcn kalitesini s\u00fcrekli y\u00fckseltmek ve m\u00fc\u015fteri beklentilerini a\u015fan bir \u00fcretim ger\u00e7ekle\u015ftirmek,<\/li><li>En uygun, en do\u011fru ve en ekonomik \u00e7\u00f6z\u00fcmleri en h\u0131zl\u0131 bi\u00e7imde \u00fcreterek daha sonra ortaya \u00e7\u0131kabilecek uygunsuzluklar\u0131n \u00f6n\u00fcne ge\u00e7mek,<\/li><li>M\u00fc\u015fterinin ihtiya\u00e7 ve beklentilerini en \u00fcst seviyede kar\u015f\u0131layan bir anlay\u0131\u015f i\u00e7inde g\u00fcvenilir bir firma olmak,<\/li><li>Politikam\u0131z do\u011frultusunda kalite hedeflerimize ula\u015fmak i\u00e7in kalite anlay\u0131\u015f\u0131m\u0131z\u0131n s\u00fcreklili\u011fini sa\u011flayarak i\u00e7inde bulundu\u011fumuz topluma ve \u00e7evreye sayg\u0131l\u0131, \u00f6rnek bir kurulu\u015f olmak,<\/li><li>Politikam\u0131z do\u011frultusunda \u00e7al\u0131\u015fanlar\u0131m\u0131z ile hedeflerimize ula\u015fmak i\u00e7in gerekli t\u00fcm e\u011fitimleri vermek, uygun \u00e7al\u0131\u015fma ortam\u0131n\u0131 sa\u011flamak ve bunu teknoloji ile destekleyerek bir aile olmak,<\/li><li>Deneyim ve birikimimizi daha da art\u0131rarak \u00fclke ekonomisine verdi\u011fimiz hizmet kalitesi ile katk\u0131da bulunmak,<\/li><li>M\u00fc\u015fteri memnuniyetini, \u00e7al\u0131\u015fan memnuniyeti ve hizmet kalitemiz ile sa\u011flamak,<\/li><li>S\u00fcre\u00e7 ve y\u00f6netimde sistem yakla\u015f\u0131m\u0131 ile, maksimum ileti\u015fim ve verimlili\u011fi sa\u011flamak,<\/li><li>Verimlilik esas\u0131na dayal\u0131 olarak, s\u00fcrekli iyile\u015ftirmeyi s\u00fcrd\u00fcr\u00fclebilir hale getirmek,<\/li><li>Uygulanabilir \u015fartlar\u0131 yerine getirmek ve \u00e7al\u0131\u015fan ile tedarik\u00e7ileri katarak etkin karar verme mekanizmas\u0131n\u0131 sa\u011flamak,<\/li><li>Stratejilere ba\u011fl\u0131 kurumsal y\u00f6netim ile, t\u00fcm \u00e7al\u0131\u015fanlar\u0131m\u0131za liderli\u011fi a\u015f\u0131lamak,<\/li><\/ul><p>\u00a0\u00a0\u00a0\u00a0\u00a0\u00a0\u00a0\u00a0\u00a0\u00a0 i\u00e7in y\u00f6netim olarak kalite y\u00f6netim sisteminin s\u00fcreklili\u011fi sa\u011flamay\u0131 taahh\u00fct ederiz.<\/p>\t\t\t\t\t\t\t\t<\/div>\n\t\t\t\t<\/div>\n\t\t\t\t\t<\/div>\n\t\t\t\t<\/div>\n\t\t<div class=\"elementor-element elementor-element-3c6457e e-flex e-con-boxed e-con e-parent\" data-id=\"3c6457e\" data-element_type=\"container\">\n\t\t\t\t\t<div class=\"e-con-inner\">\n\t\t\t\t<div class=\"elementor-element elementor-element-5ccea4c elementor-widget elementor-widget-heading\" data-id=\"5ccea4c\" data-element_type=\"widget\" data-widget_type=\"heading.default\">\n\t\t\t\t<div class=\"elementor-widget-container\">\n\t\t\t\t\t<h2 class=\"elementor-heading-title elementor-size-default\">KAL\u0130TE BELGELER\u0130M\u0130Z<\/h2>\t\t\t\t<\/div>\n\t\t\t\t<\/div>\n\t\t\t\t<div class=\"elementor-element elementor-element-2bf13c9 elementor-widget-divider--view-line elementor-widget elementor-widget-divider\" data-id=\"2bf13c9\" data-element_type=\"widget\" data-widget_type=\"divider.default\">\n\t\t\t\t<div class=\"elementor-widget-container\">\n\t\t\t\t\t\t\t<div class=\"elementor-divider\">\n\t\t\t<span class=\"elementor-divider-separator\">\n\t\t\t\t\t\t<\/span>\n\t\t<\/div>\n\t\t\t\t\t\t<\/div>\n\t\t\t\t<\/div>\n\t\t\t\t\t<\/div>\n\t\t\t\t<\/div>\n\t\t<div class=\"elementor-element elementor-element-c115eea e-flex e-con-boxed e-con e-parent\" data-id=\"c115eea\" data-element_type=\"container\">\n\t\t\t\t\t<div class=\"e-con-inner\">\n\t\t<div class=\"elementor-element elementor-element-3e7c1ac e-con-full e-flex e-con e-child\" data-id=\"3e7c1ac\" data-element_type=\"container\">\n\t\t\t\t<div class=\"elementor-element elementor-element-bf77bbf elementor-widget elementor-widget-image\" data-id=\"bf77bbf\" data-element_type=\"widget\" data-widget_type=\"image.default\">\n\t\t\t\t<div class=\"elementor-widget-container\">\n\t\t\t\t\t\t\t\t\t\t\t\t\t\t\t<img fetchpriority=\"high\" decoding=\"async\" width=\"724\" height=\"1024\" src=\"https:\/\/www.stsavmuhendislik.com\/wp-content\/uploads\/2024\/12\/stsav-iso-9001-1.jpg\" class=\"attachment-large size-large wp-image-116\" alt=\"\" \/>\t\t\t\t\t\t\t\t\t\t\t\t\t\t\t<\/div>\n\t\t\t\t<\/div>\n\t\t\t\t<\/div>\n\t\t<div class=\"elementor-element elementor-element-4eea3b7 e-con-full e-flex e-con e-child\" data-id=\"4eea3b7\" data-element_type=\"container\">\n\t\t\t\t<div class=\"elementor-element elementor-element-154539b elementor-widget elementor-widget-image\" data-id=\"154539b\" data-element_type=\"widget\" data-widget_type=\"image.default\">\n\t\t\t\t<div class=\"elementor-widget-container\">\n\t\t\t\t\t\t\t\t\t\t\t\t\t\t\t<img decoding=\"async\" width=\"724\" height=\"1024\" src=\"https:\/\/www.stsavmuhendislik.com\/wp-content\/uploads\/2024\/12\/stsav-iso-14001-1.jpg\" class=\"attachment-large size-large wp-image-117\" alt=\"\" \/>\t\t\t\t\t\t\t\t\t\t\t\t\t\t\t<\/div>\n\t\t\t\t<\/div>\n\t\t\t\t<\/div>\n\t\t<div class=\"elementor-element elementor-element-03e2ed2 e-con-full e-flex e-con e-child\" data-id=\"03e2ed2\" data-element_type=\"container\">\n\t\t\t\t<div class=\"elementor-element elementor-element-c6de228 elementor-widget elementor-widget-image\" data-id=\"c6de228\" data-element_type=\"widget\" data-widget_type=\"image.default\">\n\t\t\t\t<div class=\"elementor-widget-container\">\n\t\t\t\t\t\t\t\t\t\t\t\t\t\t\t<img decoding=\"async\" width=\"725\" height=\"1024\" src=\"https:\/\/www.stsavmuhendislik.com\/wp-content\/uploads\/2024\/12\/stsav-iso-45001.jpg\" class=\"attachment-large size-large wp-image-118\" alt=\"\" \/>\t\t\t\t\t\t\t\t\t\t\t\t\t\t\t<\/div>\n\t\t\t\t<\/div>\n\t\t\t\t<\/div>\n\t\t\t\t\t<\/div>\n\t\t\t\t<\/div>\n\t\t\t\t<\/div>\n\t\t","protected":false},"excerpt":{"rendered":"<p>KAL\u0130TE POL\u0130T\u0130KAMIZ Firmam\u0131z vizyonu do\u011frultusunda ISO 9001:2015 standard\u0131 gere\u011fi kalite politikam\u0131z; Geli\u015fen ve g\u00fcncel teknolojileri kullanmak ve sekt\u00f6rdeki geli\u015fmeleri yak\u0131ndan [&hellip;]<\/p>\n","protected":false},"author":1,"featured_media":0,"parent":0,"menu_order":0,"comment_status":"closed","ping_status":"closed","template":"","meta":{"site-sidebar-layout":"no-sidebar","site-content-layout":"","ast-site-content-layout":"full-width-container","site-content-style":"default","site-sidebar-style":"default","ast-global-header-display":"","ast-banner-title-visibility":"","ast-main-header-display":"","ast-hfb-above-header-display":"","ast-hfb-below-header-display":"","ast-hfb-mobile-header-display":"","site-post-title":"disabled","ast-breadcrumbs-content":"","ast-featured-img":"disabled","footer-sml-layout":"","theme-transparent-header-meta":"","adv-header-id-meta":"","stick-header-meta":"","header-above-stick-meta":"","header-main-stick-meta":"","header-below-stick-meta":"","astra-migrate-meta-layouts":"default","ast-page-background-enabled":"default","ast-page-background-meta":{"desktop":{"background-color":"var(--ast-global-color-4)","background-image":"","background-repeat":"repeat","background-position":"center center","background-size":"auto","background-attachment":"scroll","background-type":"","background-media":"","overlay-type":"","overlay-color":"","overlay-opacity":"","overlay-gradient":""},"tablet":{"background-color":"","background-image":"","background-repeat":"repeat","background-position":"center center","background-size":"auto","background-attachment":"scroll","background-type":"","background-media":"","overlay-type":"","overlay-color":"","overlay-opacity":"","overlay-gradient":""},"mobile":{"background-color":"","background-image":"","background-repeat":"repeat","background-position":"center center","background-size":"auto","background-attachment":"scroll","background-type":"","background-media":"","overlay-type":"","overlay-color":"","overlay-opacity":"","overlay-gradient":""}},"ast-content-background-meta":{"desktop":{"background-color":"var(--ast-global-color-5)","background-image":"","background-repeat":"repeat","background-position":"center center","background-size":"auto","background-attachment":"scroll","background-type":"","background-media":"","overlay-type":"","overlay-color":"","overlay-opacity":"","overlay-gradient":""},"tablet":{"background-color":"var(--ast-global-color-5)","background-image":"","background-repeat":"repeat","background-position":"center center","background-size":"auto","background-attachment":"scroll","background-type":"","background-media":"","overlay-type":"","overlay-color":"","overlay-opacity":"","overlay-gradient":""},"mobile":{"background-color":"var(--ast-global-color-5)","background-image":"","background-repeat":"repeat","background-position":"center center","background-size":"auto","background-attachment":"scroll","background-type":"","background-media":"","overlay-type":"","overlay-color":"","overlay-opacity":"","overlay-gradient":""}},"footnotes":""},"class_list":["post-34","page","type-page","status-publish","hentry"],"_links":{"self":[{"href":"https:\/\/www.stsavmuhendislik.com\/index.php\/wp-json\/wp\/v2\/pages\/34","targetHints":{"allow":["GET"]}}],"collection":[{"href":"https:\/\/www.stsavmuhendislik.com\/index.php\/wp-json\/wp\/v2\/pages"}],"about":[{"href":"https:\/\/www.stsavmuhendislik.com\/index.php\/wp-json\/wp\/v2\/types\/page"}],"author":[{"embeddable":true,"href":"https:\/\/www.stsavmuhendislik.com\/index.php\/wp-json\/wp\/v2\/users\/1"}],"replies":[{"embeddable":true,"href":"https:\/\/www.stsavmuhendislik.com\/index.php\/wp-json\/wp\/v2\/comments?post=34"}],"version-history":[{"count":9,"href":"https:\/\/www.stsavmuhendislik.com\/index.php\/wp-json\/wp\/v2\/pages\/34\/revisions"}],"predecessor-version":[{"id":209,"href":"https:\/\/www.stsavmuhendislik.com\/index.php\/wp-json\/wp\/v2\/pages\/34\/revisions\/209"}],"wp:attachment":[{"href":"https:\/\/www.stsavmuhendislik.com\/index.php\/wp-json\/wp\/v2\/media?parent=34"}],"curies":[{"name":"wp","href":"https:\/\/api.w.org\/{rel}","templated":true}]}}