{"id":19,"date":"2024-12-27T12:10:49","date_gmt":"2024-12-27T09:10:49","guid":{"rendered":"http:\/\/localhost\/stsav\/?page_id=19"},"modified":"2025-01-09T13:33:32","modified_gmt":"2025-01-09T10:33:32","slug":"referanslarimiz","status":"publish","type":"page","link":"https:\/\/www.stsavmuhendislik.com\/index.php\/referanslarimiz\/","title":{"rendered":"Referanslar\u0131m\u0131z"},"content":{"rendered":"\t\t<div data-elementor-type=\"wp-page\" data-elementor-id=\"19\" class=\"elementor elementor-19\">\n\t\t\t\t<div class=\"elementor-element elementor-element-7445230 e-flex e-con-boxed e-con e-parent\" data-id=\"7445230\" data-element_type=\"container\">\n\t\t\t\t\t<div class=\"e-con-inner\">\n\t\t\t\t<div class=\"elementor-element elementor-element-fc02a17 elementor-widget elementor-widget-heading\" data-id=\"fc02a17\" data-element_type=\"widget\" data-widget_type=\"heading.default\">\n\t\t\t\t<div class=\"elementor-widget-container\">\n\t\t\t\t\t<h2 class=\"elementor-heading-title elementor-size-default\">REFERANSLARIMIZ<\/h2>\t\t\t\t<\/div>\n\t\t\t\t<\/div>\n\t\t\t\t<div class=\"elementor-element elementor-element-3569237 elementor-widget-divider--view-line elementor-widget elementor-widget-divider\" data-id=\"3569237\" data-element_type=\"widget\" data-widget_type=\"divider.default\">\n\t\t\t\t<div class=\"elementor-widget-container\">\n\t\t\t\t\t\t\t<div class=\"elementor-divider\">\n\t\t\t<span class=\"elementor-divider-separator\">\n\t\t\t\t\t\t<\/span>\n\t\t<\/div>\n\t\t\t\t\t\t<\/div>\n\t\t\t\t<\/div>\n\t\t<div class=\"elementor-element elementor-element-0c9a69b e-con-full e-flex e-con e-child\" data-id=\"0c9a69b\" data-element_type=\"container\">\n\t\t\t\t<div class=\"elementor-element elementor-element-7c70912 elementor-widget elementor-widget-image-gallery\" data-id=\"7c70912\" data-element_type=\"widget\" data-widget_type=\"image-gallery.default\">\n\t\t\t\t<div class=\"elementor-widget-container\">\n\t\t\t\t\t\t\t<div class=\"elementor-image-gallery\">\n\t\t\t<div id='gallery-1' class='gallery galleryid-19 gallery-columns-4 gallery-size-medium'><figure class='gallery-item'>\n\t\t\t<div class='gallery-icon landscape'>\n\t\t\t\t<a data-elementor-open-lightbox=\"yes\" data-elementor-lightbox-slideshow=\"7c70912\" data-elementor-lightbox-title=\"Ankara \u015eehir Hastanesi\" data-e-action-hash=\"#elementor-action%3Aaction%3Dlightbox%26settings%3DeyJpZCI6ODgsInVybCI6Imh0dHBzOlwvXC93d3cuc3RzYXZtdWhlbmRpc2xpay5jb21cL3dwLWNvbnRlbnRcL3VwbG9hZHNcLzIwMjRcLzEyXC9BbmthcmEtU2VoaXItSGFzdGFuZXNpLnBuZyIsInNsaWRlc2hvdyI6IjdjNzA5MTIifQ%3D%3D\" href='https:\/\/www.stsavmuhendislik.com\/wp-content\/uploads\/2024\/12\/Ankara-Sehir-Hastanesi.png'><img fetchpriority=\"high\" decoding=\"async\" width=\"300\" height=\"300\" src=\"https:\/\/www.stsavmuhendislik.com\/wp-content\/uploads\/2024\/12\/Ankara-Sehir-Hastanesi.png\" class=\"attachment-medium size-medium\" alt=\"\" \/><\/a>\n\t\t\t<\/div><\/figure><figure class='gallery-item'>\n\t\t\t<div class='gallery-icon landscape'>\n\t\t\t\t<a data-elementor-open-lightbox=\"yes\" data-elementor-lightbox-slideshow=\"7c70912\" data-elementor-lightbox-title=\"Aselsan\" data-e-action-hash=\"#elementor-action%3Aaction%3Dlightbox%26settings%3DeyJpZCI6OTAsInVybCI6Imh0dHBzOlwvXC93d3cuc3RzYXZtdWhlbmRpc2xpay5jb21cL3dwLWNvbnRlbnRcL3VwbG9hZHNcLzIwMjRcLzEyXC9Bc2Vsc2FuLnBuZyIsInNsaWRlc2hvdyI6IjdjNzA5MTIifQ%3D%3D\" href='https:\/\/www.stsavmuhendislik.com\/wp-content\/uploads\/2024\/12\/Aselsan.png'><img decoding=\"async\" width=\"300\" height=\"300\" src=\"https:\/\/www.stsavmuhendislik.com\/wp-content\/uploads\/2024\/12\/Aselsan.png\" class=\"attachment-medium size-medium\" alt=\"\" \/><\/a>\n\t\t\t<\/div><\/figure><figure class='gallery-item'>\n\t\t\t<div class='gallery-icon landscape'>\n\t\t\t\t<a data-elementor-open-lightbox=\"yes\" data-elementor-lightbox-slideshow=\"7c70912\" data-elementor-lightbox-title=\"Jandarma Genel Komutanl\u0131\u011f\u0131\" data-e-action-hash=\"#elementor-action%3Aaction%3Dlightbox%26settings%3DeyJpZCI6OTEsInVybCI6Imh0dHBzOlwvXC93d3cuc3RzYXZtdWhlbmRpc2xpay5jb21cL3dwLWNvbnRlbnRcL3VwbG9hZHNcLzIwMjRcLzEyXC9KYW5kYXJtYS1HZW5lbC1Lb211dGFubGlnaS5wbmciLCJzbGlkZXNob3ciOiI3YzcwOTEyIn0%3D\" href='https:\/\/www.stsavmuhendislik.com\/wp-content\/uploads\/2024\/12\/Jandarma-Genel-Komutanligi.png'><img decoding=\"async\" width=\"300\" height=\"300\" src=\"https:\/\/www.stsavmuhendislik.com\/wp-content\/uploads\/2024\/12\/Jandarma-Genel-Komutanligi.png\" class=\"attachment-medium size-medium\" alt=\"\" \/><\/a>\n\t\t\t<\/div><\/figure><figure class='gallery-item'>\n\t\t\t<div class='gallery-icon landscape'>\n\t\t\t\t<a data-elementor-open-lightbox=\"yes\" data-elementor-lightbox-slideshow=\"7c70912\" data-elementor-lightbox-title=\"Kale Kal\u0131p\" data-e-action-hash=\"#elementor-action%3Aaction%3Dlightbox%26settings%3DeyJpZCI6OTIsInVybCI6Imh0dHBzOlwvXC93d3cuc3RzYXZtdWhlbmRpc2xpay5jb21cL3dwLWNvbnRlbnRcL3VwbG9hZHNcLzIwMjRcLzEyXC9LYWxlLUthbGlwLnBuZyIsInNsaWRlc2hvdyI6IjdjNzA5MTIifQ%3D%3D\" href='https:\/\/www.stsavmuhendislik.com\/wp-content\/uploads\/2024\/12\/Kale-Kalip.png'><img loading=\"lazy\" decoding=\"async\" width=\"300\" height=\"300\" src=\"https:\/\/www.stsavmuhendislik.com\/wp-content\/uploads\/2024\/12\/Kale-Kalip.png\" class=\"attachment-medium size-medium\" alt=\"\" \/><\/a>\n\t\t\t<\/div><\/figure><figure class='gallery-item'>\n\t\t\t<div class='gallery-icon landscape'>\n\t\t\t\t<a data-elementor-open-lightbox=\"yes\" data-elementor-lightbox-slideshow=\"7c70912\" data-elementor-lightbox-title=\"Kara Kuvvetleri Komutanl\u0131\u011f\u0131\" data-e-action-hash=\"#elementor-action%3Aaction%3Dlightbox%26settings%3DeyJpZCI6OTMsInVybCI6Imh0dHBzOlwvXC93d3cuc3RzYXZtdWhlbmRpc2xpay5jb21cL3dwLWNvbnRlbnRcL3VwbG9hZHNcLzIwMjRcLzEyXC9LYXJhLUt1dnZldGxlcmktS29tdXRhbmxpZ2kucG5nIiwic2xpZGVzaG93IjoiN2M3MDkxMiJ9\" href='https:\/\/www.stsavmuhendislik.com\/wp-content\/uploads\/2024\/12\/Kara-Kuvvetleri-Komutanligi.png'><img loading=\"lazy\" decoding=\"async\" width=\"300\" height=\"300\" src=\"https:\/\/www.stsavmuhendislik.com\/wp-content\/uploads\/2024\/12\/Kara-Kuvvetleri-Komutanligi.png\" class=\"attachment-medium size-medium\" alt=\"\" \/><\/a>\n\t\t\t<\/div><\/figure><figure class='gallery-item'>\n\t\t\t<div class='gallery-icon landscape'>\n\t\t\t\t<a data-elementor-open-lightbox=\"yes\" data-elementor-lightbox-slideshow=\"7c70912\" data-elementor-lightbox-title=\"MKE\" data-e-action-hash=\"#elementor-action%3Aaction%3Dlightbox%26settings%3DeyJpZCI6OTUsInVybCI6Imh0dHBzOlwvXC93d3cuc3RzYXZtdWhlbmRpc2xpay5jb21cL3dwLWNvbnRlbnRcL3VwbG9hZHNcLzIwMjRcLzEyXC9NS0UucG5nIiwic2xpZGVzaG93IjoiN2M3MDkxMiJ9\" href='https:\/\/www.stsavmuhendislik.com\/wp-content\/uploads\/2024\/12\/MKE.png'><img loading=\"lazy\" decoding=\"async\" width=\"300\" height=\"300\" src=\"https:\/\/www.stsavmuhendislik.com\/wp-content\/uploads\/2024\/12\/MKE.png\" class=\"attachment-medium size-medium\" alt=\"\" \/><\/a>\n\t\t\t<\/div><\/figure><figure class='gallery-item'>\n\t\t\t<div class='gallery-icon landscape'>\n\t\t\t\t<a data-elementor-open-lightbox=\"yes\" data-elementor-lightbox-slideshow=\"7c70912\" data-elementor-lightbox-title=\"MNG \u015eirketler Toplulu\u011fu\" data-e-action-hash=\"#elementor-action%3Aaction%3Dlightbox%26settings%3DeyJpZCI6OTYsInVybCI6Imh0dHBzOlwvXC93d3cuc3RzYXZtdWhlbmRpc2xpay5jb21cL3dwLWNvbnRlbnRcL3VwbG9hZHNcLzIwMjRcLzEyXC9NTkctU2lya2V0bGVyLVRvcGx1bHVndS5wbmciLCJzbGlkZXNob3ciOiI3YzcwOTEyIn0%3D\" href='https:\/\/www.stsavmuhendislik.com\/wp-content\/uploads\/2024\/12\/MNG-Sirketler-Toplulugu.png'><img loading=\"lazy\" decoding=\"async\" width=\"300\" height=\"300\" src=\"https:\/\/www.stsavmuhendislik.com\/wp-content\/uploads\/2024\/12\/MNG-Sirketler-Toplulugu.png\" class=\"attachment-medium size-medium\" alt=\"\" \/><\/a>\n\t\t\t<\/div><\/figure><figure class='gallery-item'>\n\t\t\t<div class='gallery-icon landscape'>\n\t\t\t\t<a data-elementor-open-lightbox=\"yes\" data-elementor-lightbox-slideshow=\"7c70912\" data-elementor-lightbox-title=\"Sabanc\u0131\" data-e-action-hash=\"#elementor-action%3Aaction%3Dlightbox%26settings%3DeyJpZCI6OTksInVybCI6Imh0dHBzOlwvXC93d3cuc3RzYXZtdWhlbmRpc2xpay5jb21cL3dwLWNvbnRlbnRcL3VwbG9hZHNcLzIwMjRcLzEyXC9TYWJhbmNpLnBuZyIsInNsaWRlc2hvdyI6IjdjNzA5MTIifQ%3D%3D\" href='https:\/\/www.stsavmuhendislik.com\/wp-content\/uploads\/2024\/12\/Sabanci.png'><img loading=\"lazy\" decoding=\"async\" width=\"300\" height=\"300\" src=\"https:\/\/www.stsavmuhendislik.com\/wp-content\/uploads\/2024\/12\/Sabanci.png\" class=\"attachment-medium size-medium\" alt=\"\" \/><\/a>\n\t\t\t<\/div><\/figure><figure class='gallery-item'>\n\t\t\t<div class='gallery-icon landscape'>\n\t\t\t\t<a data-elementor-open-lightbox=\"yes\" data-elementor-lightbox-slideshow=\"7c70912\" data-elementor-lightbox-title=\"Simens\" data-e-action-hash=\"#elementor-action%3Aaction%3Dlightbox%26settings%3DeyJpZCI6MTAwLCJ1cmwiOiJodHRwczpcL1wvd3d3LnN0c2F2bXVoZW5kaXNsaWsuY29tXC93cC1jb250ZW50XC91cGxvYWRzXC8yMDI0XC8xMlwvU2ltZW5zLnBuZyIsInNsaWRlc2hvdyI6IjdjNzA5MTIifQ%3D%3D\" href='https:\/\/www.stsavmuhendislik.com\/wp-content\/uploads\/2024\/12\/Simens.png'><img loading=\"lazy\" decoding=\"async\" width=\"300\" height=\"300\" src=\"https:\/\/www.stsavmuhendislik.com\/wp-content\/uploads\/2024\/12\/Simens.png\" class=\"attachment-medium size-medium\" alt=\"\" \/><\/a>\n\t\t\t<\/div><\/figure><figure class='gallery-item'>\n\t\t\t<div class='gallery-icon landscape'>\n\t\t\t\t<a data-elementor-open-lightbox=\"yes\" data-elementor-lightbox-slideshow=\"7c70912\" data-elementor-lightbox-title=\"TEI\" data-e-action-hash=\"#elementor-action%3Aaction%3Dlightbox%26settings%3DeyJpZCI6MTAxLCJ1cmwiOiJodHRwczpcL1wvd3d3LnN0c2F2bXVoZW5kaXNsaWsuY29tXC93cC1jb250ZW50XC91cGxvYWRzXC8yMDI0XC8xMlwvVEVJLnBuZyIsInNsaWRlc2hvdyI6IjdjNzA5MTIifQ%3D%3D\" href='https:\/\/www.stsavmuhendislik.com\/wp-content\/uploads\/2024\/12\/TEI.png'><img loading=\"lazy\" decoding=\"async\" width=\"300\" height=\"300\" src=\"https:\/\/www.stsavmuhendislik.com\/wp-content\/uploads\/2024\/12\/TEI.png\" class=\"attachment-medium size-medium\" alt=\"\" \/><\/a>\n\t\t\t<\/div><\/figure><figure class='gallery-item'>\n\t\t\t<div class='gallery-icon landscape'>\n\t\t\t\t<a data-elementor-open-lightbox=\"yes\" data-elementor-lightbox-slideshow=\"7c70912\" data-elementor-lightbox-title=\"T\u00fcbitak Bilgem\" data-e-action-hash=\"#elementor-action%3Aaction%3Dlightbox%26settings%3DeyJpZCI6MTAyLCJ1cmwiOiJodHRwczpcL1wvd3d3LnN0c2F2bXVoZW5kaXNsaWsuY29tXC93cC1jb250ZW50XC91cGxvYWRzXC8yMDI0XC8xMlwvVHViaXRhay1CaWxnZW0tLnBuZyIsInNsaWRlc2hvdyI6IjdjNzA5MTIifQ%3D%3D\" href='https:\/\/www.stsavmuhendislik.com\/wp-content\/uploads\/2024\/12\/Tubitak-Bilgem-.png'><img loading=\"lazy\" decoding=\"async\" width=\"300\" height=\"300\" src=\"https:\/\/www.stsavmuhendislik.com\/wp-content\/uploads\/2024\/12\/Tubitak-Bilgem-.png\" class=\"attachment-medium size-medium\" alt=\"\" \/><\/a>\n\t\t\t<\/div><\/figure><figure class='gallery-item'>\n\t\t\t<div class='gallery-icon landscape'>\n\t\t\t\t<a data-elementor-open-lightbox=\"yes\" data-elementor-lightbox-slideshow=\"7c70912\" data-elementor-lightbox-title=\"T\u00fcbitak Rute\" data-e-action-hash=\"#elementor-action%3Aaction%3Dlightbox%26settings%3DeyJpZCI6MTAzLCJ1cmwiOiJodHRwczpcL1wvd3d3LnN0c2F2bXVoZW5kaXNsaWsuY29tXC93cC1jb250ZW50XC91cGxvYWRzXC8yMDI0XC8xMlwvVHViaXRhay1SdXRlLnBuZyIsInNsaWRlc2hvdyI6IjdjNzA5MTIifQ%3D%3D\" href='https:\/\/www.stsavmuhendislik.com\/wp-content\/uploads\/2024\/12\/Tubitak-Rute.png'><img loading=\"lazy\" decoding=\"async\" width=\"300\" height=\"300\" src=\"https:\/\/www.stsavmuhendislik.com\/wp-content\/uploads\/2024\/12\/Tubitak-Rute.png\" class=\"attachment-medium size-medium\" alt=\"\" \/><\/a>\n\t\t\t<\/div><\/figure>\n\t\t<\/div>\n\t\t<\/div>\n\t\t\t\t\t\t<\/div>\n\t\t\t\t<\/div>\n\t\t\t\t<\/div>\n\t\t\t\t\t<\/div>\n\t\t\t\t<\/div>\n\t\t\t\t<\/div>\n\t\t","protected":false},"excerpt":{"rendered":"<p>REFERANSLARIMIZ<\/p>\n","protected":false},"author":1,"featured_media":0,"parent":0,"menu_order":0,"comment_status":"closed","ping_status":"closed","template":"","meta":{"site-sidebar-layout":"no-sidebar","site-content-layout":"","ast-site-content-layout":"full-width-container","site-content-style":"default","site-sidebar-style":"default","ast-global-header-display":"","ast-banner-title-visibility":"","ast-main-header-display":"","ast-hfb-above-header-display":"","ast-hfb-below-header-display":"","ast-hfb-mobile-header-display":"","site-post-title":"disabled","ast-breadcrumbs-content":"","ast-featured-img":"disabled","footer-sml-layout":"","theme-transparent-header-meta":"","adv-header-id-meta":"","stick-header-meta":"","header-above-stick-meta":"","header-main-stick-meta":"","header-below-stick-meta":"","astra-migrate-meta-layouts":"default","ast-page-background-enabled":"default","ast-page-background-meta":{"desktop":{"background-color":"var(--ast-global-color-4)","background-image":"","background-repeat":"repeat","background-position":"center center","background-size":"auto","background-attachment":"scroll","background-type":"","background-media":"","overlay-type":"","overlay-color":"","overlay-opacity":"","overlay-gradient":""},"tablet":{"background-color":"","background-image":"","background-repeat":"repeat","background-position":"center center","background-size":"auto","background-attachment":"scroll","background-type":"","background-media":"","overlay-type":"","overlay-color":"","overlay-opacity":"","overlay-gradient":""},"mobile":{"background-color":"","background-image":"","background-repeat":"repeat","background-position":"center center","background-size":"auto","background-attachment":"scroll","background-type":"","background-media":"","overlay-type":"","overlay-color":"","overlay-opacity":"","overlay-gradient":""}},"ast-content-background-meta":{"desktop":{"background-color":"var(--ast-global-color-5)","background-image":"","background-repeat":"repeat","background-position":"center center","background-size":"auto","background-attachment":"scroll","background-type":"","background-media":"","overlay-type":"","overlay-color":"","overlay-opacity":"","overlay-gradient":""},"tablet":{"background-color":"var(--ast-global-color-5)","background-image":"","background-repeat":"repeat","background-position":"center center","background-size":"auto","background-attachment":"scroll","background-type":"","background-media":"","overlay-type":"","overlay-color":"","overlay-opacity":"","overlay-gradient":""},"mobile":{"background-color":"var(--ast-global-color-5)","background-image":"","background-repeat":"repeat","background-position":"center center","background-size":"auto","background-attachment":"scroll","background-type":"","background-media":"","overlay-type":"","overlay-color":"","overlay-opacity":"","overlay-gradient":""}},"footnotes":""},"class_list":["post-19","page","type-page","status-publish","hentry"],"_links":{"self":[{"href":"https:\/\/www.stsavmuhendislik.com\/index.php\/wp-json\/wp\/v2\/pages\/19","targetHints":{"allow":["GET"]}}],"collection":[{"href":"https:\/\/www.stsavmuhendislik.com\/index.php\/wp-json\/wp\/v2\/pages"}],"about":[{"href":"https:\/\/www.stsavmuhendislik.com\/index.php\/wp-json\/wp\/v2\/types\/page"}],"author":[{"embeddable":true,"href":"https:\/\/www.stsavmuhendislik.com\/index.php\/wp-json\/wp\/v2\/users\/1"}],"replies":[{"embeddable":true,"href":"https:\/\/www.stsavmuhendislik.com\/index.php\/wp-json\/wp\/v2\/comments?post=19"}],"version-history":[{"count":7,"href":"https:\/\/www.stsavmuhendislik.com\/index.php\/wp-json\/wp\/v2\/pages\/19\/revisions"}],"predecessor-version":[{"id":254,"href":"https:\/\/www.stsavmuhendislik.com\/index.php\/wp-json\/wp\/v2\/pages\/19\/revisions\/254"}],"wp:attachment":[{"href":"https:\/\/www.stsavmuhendislik.com\/index.php\/wp-json\/wp\/v2\/media?parent=19"}],"curies":[{"name":"wp","href":"https:\/\/api.w.org\/{rel}","templated":true}]}}